{"id":264,"date":"2025-03-04T17:02:29","date_gmt":"2025-03-04T23:02:29","guid":{"rendered":"https:\/\/dti-mechatronics.com\/?page_id=264"},"modified":"2025-03-12T22:00:35","modified_gmt":"2025-03-13T04:00:35","slug":"hmi-kinco-gl100e","status":"publish","type":"page","link":"https:\/\/dti-mechatronics.com\/?page_id=264","title":{"rendered":"HMI KINCO GL100E"},"content":{"rendered":"\n<div class=\"wp-block-getwid-section alignfull alignfull getwid-section-content-custom-width\"><div class=\"wp-block-getwid-section__wrapper getwid-padding-top-large getwid-padding-bottom-large getwid-padding-left-medium getwid-padding-right-medium\" style=\"min-height:70vh\"><div class=\"wp-block-getwid-section__inner-wrapper\" style=\"max-width:740px\"><div class=\"wp-block-getwid-section__background-holder\"><div class=\"wp-block-getwid-section__background\" style=\"background-image:url('https:\/\/dti-mechatronics.com\/wp-content\/uploads\/2025\/02\/npcb_271fdb73cf62c6ea9a00c8194e2532562f224c82.jpg')\"><div class=\"wp-block-getwid-section__background-image-wrapper\"><img decoding=\"async\" class=\"wp-block-getwid-section__background-image\" src=\"https:\/\/dti-mechatronics.com\/wp-content\/uploads\/2025\/02\/npcb_271fdb73cf62c6ea9a00c8194e2532562f224c82.jpg\" alt=\"\"\/><\/div><\/div><div class=\"wp-block-getwid-section__foreground\" style=\"opacity:0.65;background-color:#000000\"><\/div><\/div><div class=\"wp-block-getwid-section__content\"><div class=\"wp-block-getwid-section__inner-content\">\n<div class=\"wp-block-getwid-advanced-heading\" style=\"margin-bottom:30px;margin-top:10px\"><h2 class=\"wp-block-getwid-advanced-heading__content has-text-color\" style=\"text-align:center;color:#ffffff\">HMI Kinco GL100E<\/h2><\/div>\n\n\n<div class=\"wp-block-image\">\n<figure class=\"aligncenter size-full\"><img loading=\"lazy\" decoding=\"async\" width=\"529\" height=\"472\" src=\"https:\/\/dti-mechatronics.com\/wp-content\/uploads\/2025\/03\/2023050416422154-removebg-preview.png\" alt=\"\" class=\"wp-image-267\" srcset=\"https:\/\/dti-mechatronics.com\/wp-content\/uploads\/2025\/03\/2023050416422154-removebg-preview.png 529w, https:\/\/dti-mechatronics.com\/wp-content\/uploads\/2025\/03\/2023050416422154-removebg-preview-300x268.png 300w, https:\/\/dti-mechatronics.com\/wp-content\/uploads\/2025\/03\/2023050416422154-removebg-preview-500x446.png 500w\" sizes=\"auto, (max-width: 529px) 100vw, 529px\" \/><\/figure>\n<\/div>\n\n<div class=\"wp-block-image\">\n<figure class=\"aligncenter size-full\"><img loading=\"lazy\" decoding=\"async\" width=\"529\" height=\"472\" src=\"https:\/\/dti-mechatronics.com\/wp-content\/uploads\/2025\/03\/2023050416423617-removebg-preview.png\" alt=\"\" class=\"wp-image-266\" srcset=\"https:\/\/dti-mechatronics.com\/wp-content\/uploads\/2025\/03\/2023050416423617-removebg-preview.png 529w, https:\/\/dti-mechatronics.com\/wp-content\/uploads\/2025\/03\/2023050416423617-removebg-preview-300x268.png 300w, https:\/\/dti-mechatronics.com\/wp-content\/uploads\/2025\/03\/2023050416423617-removebg-preview-500x446.png 500w\" sizes=\"auto, (max-width: 529px) 100vw, 529px\" \/><\/figure>\n<\/div>\n\n<div class=\"wp-block-image\">\n<figure class=\"aligncenter size-full is-resized\"><img loading=\"lazy\" decoding=\"async\" width=\"529\" height=\"472\" src=\"https:\/\/dti-mechatronics.com\/wp-content\/uploads\/2025\/03\/2023050416427983-removebg-preview.png\" alt=\"\" class=\"wp-image-265\" style=\"aspect-ratio:1.5;object-fit:cover;width:626px;height:auto\" srcset=\"https:\/\/dti-mechatronics.com\/wp-content\/uploads\/2025\/03\/2023050416427983-removebg-preview.png 529w, https:\/\/dti-mechatronics.com\/wp-content\/uploads\/2025\/03\/2023050416427983-removebg-preview-300x268.png 300w, https:\/\/dti-mechatronics.com\/wp-content\/uploads\/2025\/03\/2023050416427983-removebg-preview-500x446.png 500w\" sizes=\"auto, (max-width: 529px) 100vw, 529px\" \/><\/figure>\n<\/div>\n\n<div class=\"wp-block-image\">\n<figure class=\"aligncenter size-full\"><img loading=\"lazy\" decoding=\"async\" width=\"529\" height=\"472\" src=\"https:\/\/dti-mechatronics.com\/wp-content\/uploads\/2025\/03\/2023050416424090-removebg-preview.png\" alt=\"\" class=\"wp-image-268\" srcset=\"https:\/\/dti-mechatronics.com\/wp-content\/uploads\/2025\/03\/2023050416424090-removebg-preview.png 529w, https:\/\/dti-mechatronics.com\/wp-content\/uploads\/2025\/03\/2023050416424090-removebg-preview-300x268.png 300w, https:\/\/dti-mechatronics.com\/wp-content\/uploads\/2025\/03\/2023050416424090-removebg-preview-500x446.png 500w\" sizes=\"auto, (max-width: 529px) 100vw, 529px\" \/><\/figure>\n<\/div>\n\n\n<p class=\"has-text-align-center has-text-color\" style=\"color:#ffffff\">GL100E<br>Serie HMI GREEN de Kinco<br>Modelo preferido para pantallas de 10 pulgadas en aplicaciones generales<br>La m\u00e1scara anti-huecos es m\u00e1s efectiva para entornos aceitosos.<br>Apariencia hermosa, cuerpo ultradelgado<br>Excelente relaci\u00f3n costo-beneficio<\/p>\n\n\n\n<p class=\"has-cyan-bluish-gray-color has-text-color has-link-color has-medium-font-size wp-elements-4cb8e918df04472b225e271ab5db751b\" style=\"font-style:normal;font-weight:700\">Recuerda, en DTI-Mechatronics te podemos asesorar y preparar tu equipo. No dudes en buscarnos, seguro resolveremos tus necesidades.<\/p>\n\n\n\n<div class=\"wp-block-getwid-advanced-spacer\" style=\"height:20px\" aria-hidden=\"true\"><\/div>\n\n\n\n<div class=\"wp-block-button aligncenter\"><a class=\"wp-block-button__link has-text-color has-background wp-element-button\" href=\"mailto:ventas@dti-mechatronics.com\" style=\"color:#000000;background-color:#ffffff\" target=\"_blank\" rel=\"noreferrer noopener\">Solicita tu cotizaci\u00f3n<\/a><\/div>\n\n\n<\/div><\/div><\/div><\/div><\/div>\n","protected":false},"excerpt":{"rendered":"","protected":false},"author":1,"featured_media":0,"parent":0,"menu_order":0,"comment_status":"closed","ping_status":"closed","template":"","meta":{"pagelayer_contact_templates":[],"_pagelayer_content":"","advgb_blocks_editor_width":"","advgb_blocks_columns_visual_guide":"","footnotes":""},"class_list":["post-264","page","type-page","status-publish","hentry"],"coauthors":[],"author_meta":{"author_link":"https:\/\/dti-mechatronics.com\/?author=1","display_name":"dtimecha"},"relative_dates":{"created":"Publicado 1 a\u00f1o hace","modified":"Actualizado 1 a\u00f1o hace"},"absolute_dates":{"created":"Publicado el 4 de marzo de 2025","modified":"Actualizado el 12 de marzo de 2025"},"absolute_dates_time":{"created":"Publicado el 4 de marzo de 2025 5:02 PM","modified":"Actualizado el 12 de marzo de 2025 10:00 PM"},"featured_img_caption":"","featured_img":false,"series_order":"","_links":{"self":[{"href":"https:\/\/dti-mechatronics.com\/index.php?rest_route=\/wp\/v2\/pages\/264","targetHints":{"allow":["GET"]}}],"collection":[{"href":"https:\/\/dti-mechatronics.com\/index.php?rest_route=\/wp\/v2\/pages"}],"about":[{"href":"https:\/\/dti-mechatronics.com\/index.php?rest_route=\/wp\/v2\/types\/page"}],"author":[{"embeddable":true,"href":"https:\/\/dti-mechatronics.com\/index.php?rest_route=\/wp\/v2\/users\/1"}],"replies":[{"embeddable":true,"href":"https:\/\/dti-mechatronics.com\/index.php?rest_route=%2Fwp%2Fv2%2Fcomments&post=264"}],"version-history":[{"count":6,"href":"https:\/\/dti-mechatronics.com\/index.php?rest_route=\/wp\/v2\/pages\/264\/revisions"}],"predecessor-version":[{"id":339,"href":"https:\/\/dti-mechatronics.com\/index.php?rest_route=\/wp\/v2\/pages\/264\/revisions\/339"}],"wp:attachment":[{"href":"https:\/\/dti-mechatronics.com\/index.php?rest_route=%2Fwp%2Fv2%2Fmedia&parent=264"}],"curies":[{"name":"wp","href":"https:\/\/api.w.org\/{rel}","templated":true}]}}