{"id":272,"date":"2025-03-04T17:11:35","date_gmt":"2025-03-04T23:11:35","guid":{"rendered":"https:\/\/dti-mechatronics.com\/?page_id=272"},"modified":"2025-03-12T22:04:06","modified_gmt":"2025-03-13T04:04:06","slug":"hmi-kinco-gl070e","status":"publish","type":"page","link":"https:\/\/dti-mechatronics.com\/?page_id=272","title":{"rendered":"HMI KINCO GL070E"},"content":{"rendered":"\n<div class=\"wp-block-getwid-section alignfull alignfull getwid-section-content-custom-width\"><div class=\"wp-block-getwid-section__wrapper getwid-padding-top-large getwid-padding-bottom-large getwid-padding-left-medium getwid-padding-right-medium\" style=\"min-height:70vh\"><div class=\"wp-block-getwid-section__inner-wrapper\" style=\"max-width:740px\"><div class=\"wp-block-getwid-section__background-holder\"><div class=\"wp-block-getwid-section__background\" style=\"background-image:url('https:\/\/dti-mechatronics.com\/wp-content\/uploads\/2025\/02\/electrical-circuit.jpg')\"><div class=\"wp-block-getwid-section__background-image-wrapper\"><img decoding=\"async\" class=\"wp-block-getwid-section__background-image\" src=\"https:\/\/dti-mechatronics.com\/wp-content\/uploads\/2025\/02\/electrical-circuit.jpg\" alt=\"\"\/><\/div><\/div><div class=\"wp-block-getwid-section__foreground\" style=\"opacity:0.65;background-color:#000000\"><\/div><\/div><div class=\"wp-block-getwid-section__content\"><div class=\"wp-block-getwid-section__inner-content\">\n<div class=\"wp-block-getwid-advanced-heading\" style=\"margin-bottom:30px;margin-top:10px\"><h2 class=\"wp-block-getwid-advanced-heading__content has-text-color\" style=\"text-align:center;color:#ffffff\">HMI Kinco GL070E<\/h2><\/div>\n\n\n<div class=\"wp-block-image\">\n<figure class=\"aligncenter size-full\"><img loading=\"lazy\" decoding=\"async\" width=\"529\" height=\"472\" src=\"https:\/\/dti-mechatronics.com\/wp-content\/uploads\/2025\/03\/2020071016049149-removebg-preview.png\" alt=\"\" class=\"wp-image-273\" srcset=\"https:\/\/dti-mechatronics.com\/wp-content\/uploads\/2025\/03\/2020071016049149-removebg-preview.png 529w, https:\/\/dti-mechatronics.com\/wp-content\/uploads\/2025\/03\/2020071016049149-removebg-preview-300x268.png 300w, https:\/\/dti-mechatronics.com\/wp-content\/uploads\/2025\/03\/2020071016049149-removebg-preview-500x446.png 500w\" sizes=\"auto, (max-width: 529px) 100vw, 529px\" \/><\/figure>\n<\/div>\n\n<div class=\"wp-block-image\">\n<figure class=\"aligncenter size-full\"><img loading=\"lazy\" decoding=\"async\" width=\"529\" height=\"472\" src=\"https:\/\/dti-mechatronics.com\/wp-content\/uploads\/2025\/03\/2020071016048333-removebg-preview.png\" alt=\"\" class=\"wp-image-274\" srcset=\"https:\/\/dti-mechatronics.com\/wp-content\/uploads\/2025\/03\/2020071016048333-removebg-preview.png 529w, https:\/\/dti-mechatronics.com\/wp-content\/uploads\/2025\/03\/2020071016048333-removebg-preview-300x268.png 300w, https:\/\/dti-mechatronics.com\/wp-content\/uploads\/2025\/03\/2020071016048333-removebg-preview-500x446.png 500w\" sizes=\"auto, (max-width: 529px) 100vw, 529px\" \/><\/figure>\n<\/div>\n\n<div class=\"wp-block-image\">\n<figure class=\"aligncenter size-full is-resized\"><img loading=\"lazy\" decoding=\"async\" width=\"529\" height=\"472\" src=\"https:\/\/dti-mechatronics.com\/wp-content\/uploads\/2025\/03\/2020071016042215-removebg-preview.png\" alt=\"\" class=\"wp-image-275\" style=\"aspect-ratio:1.5;object-fit:cover;width:626px;height:auto\" srcset=\"https:\/\/dti-mechatronics.com\/wp-content\/uploads\/2025\/03\/2020071016042215-removebg-preview.png 529w, https:\/\/dti-mechatronics.com\/wp-content\/uploads\/2025\/03\/2020071016042215-removebg-preview-300x268.png 300w, https:\/\/dti-mechatronics.com\/wp-content\/uploads\/2025\/03\/2020071016042215-removebg-preview-500x446.png 500w\" sizes=\"auto, (max-width: 529px) 100vw, 529px\" \/><\/figure>\n<\/div>\n\n\n\n\n<p class=\"has-text-align-center has-text-color\" style=\"color:#ffffff\">GL070E<br>Serie HMI GREEN de Kinco<\/p>\n\n\n\n<p class=\"has-text-align-center has-text-color\" style=\"color:#ffffff\">El GL070E es un panel HMI (Interfaz Hombre-Maquina) de 7\u00bb touchscreen color de la l\u00ednea Kinco, con grandes capacidades gr\u00e1ficas y que puede ser utilizado en la mayor\u00eda de los PLC comerciales.<br>Pantalla: TFT de 7\u2033<br>Resoluci\u00f3n: 800*480 p\u00edxeles<br>CPU: ARM RISC de 32 bits a 800 MHz<\/p>\n\n\n\n<p class=\"has-cyan-bluish-gray-color has-text-color has-link-color has-medium-font-size wp-elements-4cb8e918df04472b225e271ab5db751b\" style=\"font-style:normal;font-weight:700\">Recuerda, en DTI-Mechatronics te podemos asesorar y preparar tu equipo. No dudes en buscarnos, seguro resolveremos tus necesidades.<\/p>\n\n\n\n<div class=\"wp-block-getwid-advanced-spacer\" style=\"height:20px\" aria-hidden=\"true\"><\/div>\n\n\n\n<div class=\"wp-block-button aligncenter\"><a class=\"wp-block-button__link has-text-color has-background wp-element-button\" href=\"mailto:ventas@dti-mechatronics.com\" style=\"color:#000000;background-color:#ffffff\" target=\"_blank\" rel=\"noreferrer noopener\">Solicita tu cotizaci\u00f3n<\/a><\/div>\n\n\n\n\n<\/div><\/div><\/div><\/div><\/div>\n","protected":false},"excerpt":{"rendered":"","protected":false},"author":1,"featured_media":0,"parent":0,"menu_order":0,"comment_status":"closed","ping_status":"closed","template":"","meta":{"pagelayer_contact_templates":[],"_pagelayer_content":"","advgb_blocks_editor_width":"","advgb_blocks_columns_visual_guide":"","footnotes":""},"class_list":["post-272","page","type-page","status-publish","hentry"],"coauthors":[],"author_meta":{"author_link":"https:\/\/dti-mechatronics.com\/?author=1","display_name":"dtimecha"},"relative_dates":{"created":"Publicado 1 a\u00f1o hace","modified":"Actualizado 1 a\u00f1o hace"},"absolute_dates":{"created":"Publicado el 4 de marzo de 2025","modified":"Actualizado el 12 de marzo de 2025"},"absolute_dates_time":{"created":"Publicado el 4 de marzo de 2025 5:11 PM","modified":"Actualizado el 12 de marzo de 2025 10:04 PM"},"featured_img_caption":"","featured_img":false,"series_order":"","_links":{"self":[{"href":"https:\/\/dti-mechatronics.com\/index.php?rest_route=\/wp\/v2\/pages\/272","targetHints":{"allow":["GET"]}}],"collection":[{"href":"https:\/\/dti-mechatronics.com\/index.php?rest_route=\/wp\/v2\/pages"}],"about":[{"href":"https:\/\/dti-mechatronics.com\/index.php?rest_route=\/wp\/v2\/types\/page"}],"author":[{"embeddable":true,"href":"https:\/\/dti-mechatronics.com\/index.php?rest_route=\/wp\/v2\/users\/1"}],"replies":[{"embeddable":true,"href":"https:\/\/dti-mechatronics.com\/index.php?rest_route=%2Fwp%2Fv2%2Fcomments&post=272"}],"version-history":[{"count":6,"href":"https:\/\/dti-mechatronics.com\/index.php?rest_route=\/wp\/v2\/pages\/272\/revisions"}],"predecessor-version":[{"id":341,"href":"https:\/\/dti-mechatronics.com\/index.php?rest_route=\/wp\/v2\/pages\/272\/revisions\/341"}],"wp:attachment":[{"href":"https:\/\/dti-mechatronics.com\/index.php?rest_route=%2Fwp%2Fv2%2Fmedia&parent=272"}],"curies":[{"name":"wp","href":"https:\/\/api.w.org\/{rel}","templated":true}]}}