{"id":279,"date":"2025-03-04T17:24:16","date_gmt":"2025-03-04T23:24:16","guid":{"rendered":"https:\/\/dti-mechatronics.com\/?page_id=279"},"modified":"2025-03-12T22:08:20","modified_gmt":"2025-03-13T04:08:20","slug":"delta-dvp40ec00r3","status":"publish","type":"page","link":"https:\/\/dti-mechatronics.com\/?page_id=279","title":{"rendered":"DELTA DVP40EC00R3"},"content":{"rendered":"\n<div class=\"wp-block-getwid-section alignfull alignfull getwid-section-content-custom-width\"><div class=\"wp-block-getwid-section__wrapper getwid-padding-top-large getwid-padding-bottom-large getwid-padding-left-medium getwid-padding-right-medium\" style=\"min-height:70vh\"><div class=\"wp-block-getwid-section__inner-wrapper\" style=\"max-width:740px\"><div class=\"wp-block-getwid-section__background-holder\"><div class=\"wp-block-getwid-section__background\" style=\"background-image:url('https:\/\/dti-mechatronics.com\/wp-content\/uploads\/2025\/02\/circuit-board-1.jpeg')\"><div class=\"wp-block-getwid-section__background-image-wrapper\"><img decoding=\"async\" class=\"wp-block-getwid-section__background-image\" src=\"https:\/\/dti-mechatronics.com\/wp-content\/uploads\/2025\/02\/circuit-board-1.jpeg\" alt=\"\"\/><\/div><\/div><div class=\"wp-block-getwid-section__foreground\" style=\"opacity:0.65;background-color:#000000\"><\/div><\/div><div class=\"wp-block-getwid-section__content\"><div class=\"wp-block-getwid-section__inner-content\">\n<div class=\"wp-block-getwid-advanced-heading\" style=\"margin-bottom:30px;margin-top:10px\"><h2 class=\"wp-block-getwid-advanced-heading__content has-text-color\" style=\"text-align:center;color:#ffffff\">PLC DELTA DVP40EC00R3<\/h2><\/div>\n\n\n<div class=\"wp-block-image\">\n<figure class=\"aligncenter size-full is-resized\"><img loading=\"lazy\" decoding=\"async\" width=\"300\" height=\"256\" src=\"https:\/\/dti-mechatronics.com\/wp-content\/uploads\/2025\/03\/DVP40EC00R3-removebg-preview-1.png\" alt=\"\" class=\"wp-image-282\" style=\"width:506px;height:auto\"\/><\/figure>\n<\/div>\n\n<div class=\"wp-block-image\">\n<figure class=\"aligncenter size-full is-resized\"><img loading=\"lazy\" decoding=\"async\" width=\"581\" height=\"430\" src=\"https:\/\/dti-mechatronics.com\/wp-content\/uploads\/2025\/03\/DVP40EC1-removebg-preview.png\" alt=\"\" class=\"wp-image-283\" style=\"width:685px;height:auto\" srcset=\"https:\/\/dti-mechatronics.com\/wp-content\/uploads\/2025\/03\/DVP40EC1-removebg-preview.png 581w, https:\/\/dti-mechatronics.com\/wp-content\/uploads\/2025\/03\/DVP40EC1-removebg-preview-300x222.png 300w, https:\/\/dti-mechatronics.com\/wp-content\/uploads\/2025\/03\/DVP40EC1-removebg-preview-500x370.png 500w\" sizes=\"auto, (max-width: 581px) 100vw, 581px\" \/><\/figure>\n<\/div>\n\n<div class=\"wp-block-image\">\n<figure class=\"aligncenter size-full is-resized\"><img loading=\"lazy\" decoding=\"async\" width=\"681\" height=\"367\" src=\"https:\/\/dti-mechatronics.com\/wp-content\/uploads\/2025\/03\/DVP402-removebg-preview.png\" alt=\"\" class=\"wp-image-284\" style=\"aspect-ratio:1.5;object-fit:cover;width:626px;height:auto\" srcset=\"https:\/\/dti-mechatronics.com\/wp-content\/uploads\/2025\/03\/DVP402-removebg-preview.png 681w, https:\/\/dti-mechatronics.com\/wp-content\/uploads\/2025\/03\/DVP402-removebg-preview-300x162.png 300w, https:\/\/dti-mechatronics.com\/wp-content\/uploads\/2025\/03\/DVP402-removebg-preview-500x269.png 500w\" sizes=\"auto, (max-width: 681px) 100vw, 681px\" \/><\/figure>\n<\/div>\n\n<div class=\"wp-block-image\">\n<figure class=\"aligncenter size-full is-resized\"><img loading=\"lazy\" decoding=\"async\" width=\"530\" height=\"471\" src=\"https:\/\/dti-mechatronics.com\/wp-content\/uploads\/2025\/03\/DVP403-removebg-preview.png\" alt=\"\" class=\"wp-image-285\" style=\"width:602px;height:auto\" srcset=\"https:\/\/dti-mechatronics.com\/wp-content\/uploads\/2025\/03\/DVP403-removebg-preview.png 530w, https:\/\/dti-mechatronics.com\/wp-content\/uploads\/2025\/03\/DVP403-removebg-preview-300x267.png 300w, https:\/\/dti-mechatronics.com\/wp-content\/uploads\/2025\/03\/DVP403-removebg-preview-500x444.png 500w\" sizes=\"auto, (max-width: 530px) 100vw, 530px\" \/><\/figure>\n<\/div>\n\n\n<p class=\"has-text-align-center has-text-color\" style=\"color:#ffffff\">DVP40EC00R3<br>El controlador Delta DVP40EC00R3, parte de la serie DVP-EC3 est\u00e1 alimentado por 100-240 V CA y cuenta con salidas de rel\u00e9. Con 24 entradas digitales y 16 salidas de rel\u00e9, funciona bien en temperaturas de 0 \u00b0C a 55 \u00b0C. Admite una capacidad de programa de 4k pasos y tiene un consumo de energ\u00eda de 15,6 VA. Tambi\u00e9n requiere una se\u00f1al de entrada de 24 V CC<\/p>\n\n\n\n<p class=\"has-cyan-bluish-gray-color has-text-color has-link-color has-medium-font-size wp-elements-4cb8e918df04472b225e271ab5db751b\" style=\"font-style:normal;font-weight:700\">Recuerda, en DTI-Mechatronics te podemos asesorar y preparar tu equipo. No dudes en buscarnos, seguro resolveremos tus necesidades.<\/p>\n\n\n\n<div class=\"wp-block-getwid-advanced-spacer\" style=\"height:20px\" aria-hidden=\"true\"><\/div>\n\n\n\n<div class=\"wp-block-button aligncenter\"><a class=\"wp-block-button__link has-text-color has-background wp-element-button\" href=\"mailto:ventas@dti-mechatronics.com\" style=\"color:#000000;background-color:#ffffff\" target=\"_blank\" rel=\"noreferrer noopener\">Solicita tu cotizaci\u00f3n<\/a><\/div>\n\n\n\n\n<\/div><\/div><\/div><\/div><\/div>\n","protected":false},"excerpt":{"rendered":"","protected":false},"author":1,"featured_media":0,"parent":0,"menu_order":0,"comment_status":"closed","ping_status":"closed","template":"","meta":{"pagelayer_contact_templates":[],"_pagelayer_content":"","advgb_blocks_editor_width":"","advgb_blocks_columns_visual_guide":"","footnotes":""},"class_list":["post-279","page","type-page","status-publish","hentry"],"coauthors":[],"author_meta":{"author_link":"https:\/\/dti-mechatronics.com\/?author=1","display_name":"dtimecha"},"relative_dates":{"created":"Publicado 1 a\u00f1o hace","modified":"Actualizado 1 a\u00f1o hace"},"absolute_dates":{"created":"Publicado el 4 de marzo de 2025","modified":"Actualizado el 12 de marzo de 2025"},"absolute_dates_time":{"created":"Publicado el 4 de marzo de 2025 5:24 PM","modified":"Actualizado el 12 de marzo de 2025 10:08 PM"},"featured_img_caption":"","featured_img":false,"series_order":"","_links":{"self":[{"href":"https:\/\/dti-mechatronics.com\/index.php?rest_route=\/wp\/v2\/pages\/279","targetHints":{"allow":["GET"]}}],"collection":[{"href":"https:\/\/dti-mechatronics.com\/index.php?rest_route=\/wp\/v2\/pages"}],"about":[{"href":"https:\/\/dti-mechatronics.com\/index.php?rest_route=\/wp\/v2\/types\/page"}],"author":[{"embeddable":true,"href":"https:\/\/dti-mechatronics.com\/index.php?rest_route=\/wp\/v2\/users\/1"}],"replies":[{"embeddable":true,"href":"https:\/\/dti-mechatronics.com\/index.php?rest_route=%2Fwp%2Fv2%2Fcomments&post=279"}],"version-history":[{"count":4,"href":"https:\/\/dti-mechatronics.com\/index.php?rest_route=\/wp\/v2\/pages\/279\/revisions"}],"predecessor-version":[{"id":345,"href":"https:\/\/dti-mechatronics.com\/index.php?rest_route=\/wp\/v2\/pages\/279\/revisions\/345"}],"wp:attachment":[{"href":"https:\/\/dti-mechatronics.com\/index.php?rest_route=%2Fwp%2Fv2%2Fmedia&parent=279"}],"curies":[{"name":"wp","href":"https:\/\/api.w.org\/{rel}","templated":true}]}}