{"id":288,"date":"2025-03-04T20:50:53","date_gmt":"2025-03-05T02:50:53","guid":{"rendered":"https:\/\/dti-mechatronics.com\/?page_id=288"},"modified":"2025-03-12T22:06:13","modified_gmt":"2025-03-13T04:06:13","slug":"delta-dvp20ec00r3","status":"publish","type":"page","link":"https:\/\/dti-mechatronics.com\/?page_id=288","title":{"rendered":"DELTA DVP20EC00R3"},"content":{"rendered":"\n<div class=\"wp-block-getwid-section alignfull alignfull getwid-section-content-custom-width\"><div class=\"wp-block-getwid-section__wrapper getwid-padding-top-large getwid-padding-bottom-large getwid-padding-left-medium getwid-padding-right-medium\" style=\"min-height:70vh\"><div class=\"wp-block-getwid-section__inner-wrapper\" style=\"max-width:740px\"><div class=\"wp-block-getwid-section__background-holder\"><div class=\"wp-block-getwid-section__background\" style=\"background-image:url('https:\/\/dti-mechatronics.com\/wp-content\/uploads\/2025\/02\/Evatronix_Printed_Circuits_Board_01_1920x1080.jpg')\"><div class=\"wp-block-getwid-section__background-image-wrapper\"><img decoding=\"async\" class=\"wp-block-getwid-section__background-image\" src=\"https:\/\/dti-mechatronics.com\/wp-content\/uploads\/2025\/02\/Evatronix_Printed_Circuits_Board_01_1920x1080.jpg\" alt=\"\"\/><\/div><\/div><div class=\"wp-block-getwid-section__foreground\" style=\"opacity:0.65;background-color:#000000\"><\/div><\/div><div class=\"wp-block-getwid-section__content\"><div class=\"wp-block-getwid-section__inner-content\">\n<div class=\"wp-block-getwid-advanced-heading\" style=\"margin-bottom:30px;margin-top:10px\"><h2 class=\"wp-block-getwid-advanced-heading__content has-text-color\" style=\"text-align:center;color:#ffffff\">PLC DELTA DVP20EC00R3<\/h2><\/div>\n\n\n<div class=\"wp-block-image\">\n<figure class=\"aligncenter size-full\"><img loading=\"lazy\" decoding=\"async\" width=\"606\" height=\"412\" src=\"https:\/\/dti-mechatronics.com\/wp-content\/uploads\/2025\/03\/DVP20EC003R-removebg-preview.png\" alt=\"\" class=\"wp-image-289\" srcset=\"https:\/\/dti-mechatronics.com\/wp-content\/uploads\/2025\/03\/DVP20EC003R-removebg-preview.png 606w, https:\/\/dti-mechatronics.com\/wp-content\/uploads\/2025\/03\/DVP20EC003R-removebg-preview-300x204.png 300w, https:\/\/dti-mechatronics.com\/wp-content\/uploads\/2025\/03\/DVP20EC003R-removebg-preview-500x340.png 500w\" sizes=\"auto, (max-width: 606px) 100vw, 606px\" \/><\/figure>\n<\/div>\n\n<div class=\"wp-block-image\">\n<figure class=\"aligncenter size-full is-resized\"><img loading=\"lazy\" decoding=\"async\" width=\"287\" height=\"206\" src=\"https:\/\/dti-mechatronics.com\/wp-content\/uploads\/2025\/03\/DVP-EC3_M-removebg-preview.png\" alt=\"\" class=\"wp-image-290\" style=\"width:605px;height:auto\"\/><\/figure>\n<\/div>\n\n\n<figure class=\"wp-block-image size-full is-resized\"><img loading=\"lazy\" decoding=\"async\" width=\"795\" height=\"579\" src=\"https:\/\/dti-mechatronics.com\/wp-content\/uploads\/2025\/03\/DVP202.png\" alt=\"\" class=\"wp-image-291\" style=\"aspect-ratio:1.5;object-fit:cover;width:626px;height:auto\" srcset=\"https:\/\/dti-mechatronics.com\/wp-content\/uploads\/2025\/03\/DVP202.png 795w, https:\/\/dti-mechatronics.com\/wp-content\/uploads\/2025\/03\/DVP202-300x218.png 300w, https:\/\/dti-mechatronics.com\/wp-content\/uploads\/2025\/03\/DVP202-768x559.png 768w, https:\/\/dti-mechatronics.com\/wp-content\/uploads\/2025\/03\/DVP202-500x364.png 500w\" sizes=\"auto, (max-width: 795px) 100vw, 795px\" \/><\/figure>\n\n\n\n<p class=\"has-text-align-center has-text-color\" style=\"color:#ffffff\">DELTA DVP20EC00R3<br>La serie EC3 es la soluci\u00f3n m\u00e1s econ\u00f3mica para el control secuencial y la monitorizaci\u00f3n de comunicaciones y puede funcionar de forma independiente, lo que permite al usuario lograr un control aut\u00f3nomo, por ejemplo, para el control de acopladores de fototransistores, interruptores de proximidad, sensores \u00f3pticos, indicadores e interruptores de iluminaci\u00f3n. A trav\u00e9s de los puertos seriales, el EC3 puede conectarse a dispositivos de control como PLC, inversores de frecuencia y controladores de temperatura, lo que puede considerarse una soluci\u00f3n de aplicaci\u00f3n programable que es econ\u00f3mica y altamente confiable.<\/p>\n\n\n\n<p class=\"has-white-color has-text-color has-link-color wp-elements-aa9590934b39c85ab8e8df07607b5366\">Delta DVP20EC00R3 de la serie DVP-EC3. Funciona con alimentaci\u00f3n de 100-240 V CA y utiliza salidas de rel\u00e9. Con 12 entradas digitales y 8 salidas de rel\u00e9, es perfecto para funcionar en temperaturas de 0 \u00b0C a 55 \u00b0C. Puede gestionar programas de hasta 4k pasos y tiene un consumo de energ\u00eda de 15,6 VA. Tambi\u00e9n necesita una se\u00f1al de entrada de 24 V CC.<\/p>\n\n\n\n<div class=\"wp-block-getwid-advanced-spacer\" style=\"height:20px\" aria-hidden=\"true\"><\/div>\n\n\n\n<p class=\"has-cyan-bluish-gray-color has-text-color has-link-color has-medium-font-size wp-elements-4cb8e918df04472b225e271ab5db751b\" style=\"font-style:normal;font-weight:700\">Recuerda, en DTI-Mechatronics te podemos asesorar y preparar tu equipo. No dudes en buscarnos, seguro resolveremos tus necesidades.<\/p>\n\n\n\n<div class=\"wp-block-button aligncenter\"><a class=\"wp-block-button__link has-text-color has-background wp-element-button\" href=\"mailto:ventas@dti-mechatronics.com\" style=\"color:#000000;background-color:#ffffff\" target=\"_blank\" rel=\"noreferrer noopener\">Pide tu cotizaci\u00f3n<\/a><\/div>\n\n\n\n\n<\/div><\/div><\/div><\/div><\/div>\n","protected":false},"excerpt":{"rendered":"","protected":false},"author":1,"featured_media":0,"parent":0,"menu_order":0,"comment_status":"closed","ping_status":"closed","template":"","meta":{"pagelayer_contact_templates":[],"_pagelayer_content":"","advgb_blocks_editor_width":"","advgb_blocks_columns_visual_guide":"","footnotes":""},"class_list":["post-288","page","type-page","status-publish","hentry"],"coauthors":[],"author_meta":{"author_link":"https:\/\/dti-mechatronics.com\/?author=1","display_name":"dtimecha"},"relative_dates":{"created":"Publicado 1 a\u00f1o hace","modified":"Actualizado 1 a\u00f1o hace"},"absolute_dates":{"created":"Publicado el 4 de marzo de 2025","modified":"Actualizado el 12 de marzo de 2025"},"absolute_dates_time":{"created":"Publicado el 4 de marzo de 2025 8:50 PM","modified":"Actualizado el 12 de marzo de 2025 10:06 PM"},"featured_img_caption":"","featured_img":false,"series_order":"","_links":{"self":[{"href":"https:\/\/dti-mechatronics.com\/index.php?rest_route=\/wp\/v2\/pages\/288","targetHints":{"allow":["GET"]}}],"collection":[{"href":"https:\/\/dti-mechatronics.com\/index.php?rest_route=\/wp\/v2\/pages"}],"about":[{"href":"https:\/\/dti-mechatronics.com\/index.php?rest_route=\/wp\/v2\/types\/page"}],"author":[{"embeddable":true,"href":"https:\/\/dti-mechatronics.com\/index.php?rest_route=\/wp\/v2\/users\/1"}],"replies":[{"embeddable":true,"href":"https:\/\/dti-mechatronics.com\/index.php?rest_route=%2Fwp%2Fv2%2Fcomments&post=288"}],"version-history":[{"count":3,"href":"https:\/\/dti-mechatronics.com\/index.php?rest_route=\/wp\/v2\/pages\/288\/revisions"}],"predecessor-version":[{"id":343,"href":"https:\/\/dti-mechatronics.com\/index.php?rest_route=\/wp\/v2\/pages\/288\/revisions\/343"}],"wp:attachment":[{"href":"https:\/\/dti-mechatronics.com\/index.php?rest_route=%2Fwp%2Fv2%2Fmedia&parent=288"}],"curies":[{"name":"wp","href":"https:\/\/api.w.org\/{rel}","templated":true}]}}