{"id":299,"date":"2025-03-04T21:02:38","date_gmt":"2025-03-05T03:02:38","guid":{"rendered":"https:\/\/dti-mechatronics.com\/?page_id=299"},"modified":"2025-03-12T22:10:17","modified_gmt":"2025-03-13T04:10:17","slug":"siemens-logo-230-rce","status":"publish","type":"page","link":"https:\/\/dti-mechatronics.com\/?page_id=299","title":{"rendered":"Siemens LOGO! 230 RCE"},"content":{"rendered":"\n<div class=\"wp-block-getwid-section alignfull alignfull getwid-section-content-custom-width\"><div class=\"wp-block-getwid-section__wrapper getwid-padding-top-large getwid-padding-bottom-large getwid-padding-left-medium getwid-padding-right-medium\" style=\"min-height:70vh\"><div class=\"wp-block-getwid-section__inner-wrapper\" style=\"max-width:740px\"><div class=\"wp-block-getwid-section__background-holder\"><div class=\"wp-block-getwid-section__background\" style=\"background-image:url('https:\/\/dti-mechatronics.com\/wp-content\/uploads\/2025\/02\/electrical-circuit.jpg')\"><div class=\"wp-block-getwid-section__background-image-wrapper\"><img decoding=\"async\" class=\"wp-block-getwid-section__background-image\" src=\"https:\/\/dti-mechatronics.com\/wp-content\/uploads\/2025\/02\/electrical-circuit.jpg\" alt=\"\"\/><\/div><\/div><div class=\"wp-block-getwid-section__foreground\" style=\"opacity:0.65;background-color:#000000\"><\/div><\/div><div class=\"wp-block-getwid-section__content\"><div class=\"wp-block-getwid-section__inner-content\">\n<div class=\"wp-block-getwid-advanced-heading\" style=\"margin-bottom:30px;margin-top:10px\"><h2 class=\"wp-block-getwid-advanced-heading__content has-text-color\" style=\"text-align:center;color:#ffffff\">Siemens LOGO! 230 RCE<\/h2><\/div>\n\n\n<div class=\"wp-block-image\">\n<figure class=\"aligncenter size-full\"><img loading=\"lazy\" decoding=\"async\" width=\"479\" height=\"521\" src=\"https:\/\/dti-mechatronics.com\/wp-content\/uploads\/2025\/03\/230_rce-removebg-preview.png\" alt=\"\" class=\"wp-image-300\" srcset=\"https:\/\/dti-mechatronics.com\/wp-content\/uploads\/2025\/03\/230_rce-removebg-preview.png 479w, https:\/\/dti-mechatronics.com\/wp-content\/uploads\/2025\/03\/230_rce-removebg-preview-276x300.png 276w\" sizes=\"auto, (max-width: 479px) 100vw, 479px\" \/><\/figure>\n<\/div>\n\n<div class=\"wp-block-image\">\n<figure class=\"aligncenter size-full\"><img loading=\"lazy\" decoding=\"async\" width=\"531\" height=\"470\" src=\"https:\/\/dti-mechatronics.com\/wp-content\/uploads\/2025\/03\/230_rce2-removebg-preview.png\" alt=\"\" class=\"wp-image-301\" srcset=\"https:\/\/dti-mechatronics.com\/wp-content\/uploads\/2025\/03\/230_rce2-removebg-preview.png 531w, https:\/\/dti-mechatronics.com\/wp-content\/uploads\/2025\/03\/230_rce2-removebg-preview-300x266.png 300w, https:\/\/dti-mechatronics.com\/wp-content\/uploads\/2025\/03\/230_rce2-removebg-preview-500x443.png 500w\" sizes=\"auto, (max-width: 531px) 100vw, 531px\" \/><\/figure>\n<\/div>\n\n<div class=\"wp-block-image\">\n<figure class=\"aligncenter size-full is-resized\"><img loading=\"lazy\" decoding=\"async\" width=\"524\" height=\"476\" src=\"https:\/\/dti-mechatronics.com\/wp-content\/uploads\/2025\/03\/230_rce3-removebg-preview.png\" alt=\"\" class=\"wp-image-302\" style=\"aspect-ratio:1.5;object-fit:cover;width:626px;height:auto\" srcset=\"https:\/\/dti-mechatronics.com\/wp-content\/uploads\/2025\/03\/230_rce3-removebg-preview.png 524w, https:\/\/dti-mechatronics.com\/wp-content\/uploads\/2025\/03\/230_rce3-removebg-preview-300x273.png 300w, https:\/\/dti-mechatronics.com\/wp-content\/uploads\/2025\/03\/230_rce3-removebg-preview-500x454.png 500w\" sizes=\"auto, (max-width: 524px) 100vw, 524px\" \/><\/figure>\n<\/div>\n\n\n\n<div class=\"wp-block-image\">\n<figure class=\"aligncenter size-full\"><img loading=\"lazy\" decoding=\"async\" width=\"422\" height=\"408\" src=\"https:\/\/dti-mechatronics.com\/wp-content\/uploads\/2025\/03\/Logo_230_RCE-removebg-preview.png\" alt=\"\" class=\"wp-image-303\" srcset=\"https:\/\/dti-mechatronics.com\/wp-content\/uploads\/2025\/03\/Logo_230_RCE-removebg-preview.png 422w, https:\/\/dti-mechatronics.com\/wp-content\/uploads\/2025\/03\/Logo_230_RCE-removebg-preview-300x290.png 300w\" sizes=\"auto, (max-width: 422px) 100vw, 422px\" \/><\/figure>\n<\/div>\n\n\n<p class=\"has-text-align-center has-text-color\" style=\"color:#ffffff\">M\u00f3dulo l\u00f3gico Siemens LOGO! 230RCE &#8211; 6ED10521FB080BA2<\/p>\n\n\n\n<p class=\"has-text-align-center has-text-color\" style=\"color:#ffffff\">El m\u00f3dulo l\u00f3gico LOGO! 230RCE &#8211; 6ED10521FB080BA2 de Siemens versi\u00f3n 8.4 con pantalla de color cambiante tiene un grado de protecci\u00f3n IP20 y funciona con una fuente de alimentaci\u00f3n de 115\/230 V CA. Se pueden procesar hasta 400 bloques de funci\u00f3n. El micro PLC tiene 8 entradas digitales y 4 salidas digitales (rel\u00e9) disponibles. El controlador Siemens LOGO! 230RCE &#8211; 6ED10521FB080BA2 versi\u00f3n 8.4 con pantalla es programable a trav\u00e9s de la interfaz Ethernet. Adem\u00e1s, puede comunicarse con otros m\u00f3dulos de la serie LOGO! y dispositivos SIMATIC S7. Las aplicaciones de servidor web integradas permiten la monitorizaci\u00f3n y el control inal\u00e1mbricos a trav\u00e9s de un tel\u00e9fono inteligente, una tableta o un PC. Adem\u00e1s, las p\u00e1ginas web definidas por el usuario se pueden almacenar como visualizaciones. Los nuevos m\u00f3dulos l\u00f3gicos LOGO! 8.4 tambi\u00e9n permiten la conexi\u00f3n a la nube. El m\u00f3dulo l\u00f3gico LOGO!230RCE &#8211; 6ED10521FB080BA2 se utiliza, por ejemplo, para el control de m\u00e1quinas en procesos industriales y de fabricaci\u00f3n, en la tecnolog\u00eda de gesti\u00f3n de edificios, en programas de temporizaci\u00f3n para sistemas de control de tr\u00e1fico, as\u00ed como para su uso en bombas o sistemas de filtrado. Tambi\u00e9n son posibles aplicaciones especiales.<\/p>\n\n\n\n<p class=\"has-cyan-bluish-gray-color has-text-color has-link-color has-medium-font-size wp-elements-4cb8e918df04472b225e271ab5db751b\" style=\"font-style:normal;font-weight:700\">Recuerda, en DTI-Mechatronics te podemos asesorar y preparar tu equipo. No dudes en buscarnos, seguro resolveremos tus necesidades.<\/p>\n\n\n\n<div class=\"wp-block-getwid-advanced-spacer\" style=\"height:20px\" aria-hidden=\"true\"><\/div>\n\n\n\n<div class=\"wp-block-button aligncenter\"><a class=\"wp-block-button__link has-text-color has-background wp-element-button\" href=\"mailto:ventas@dti-mechatronics.com\" style=\"color:#000000;background-color:#ffffff\" target=\"_blank\" rel=\"noreferrer noopener\">Solicita tu cotizaci\u00f3n<\/a><\/div>\n\n\n\n\n<\/div><\/div><\/div><\/div><\/div>\n","protected":false},"excerpt":{"rendered":"","protected":false},"author":1,"featured_media":0,"parent":0,"menu_order":0,"comment_status":"closed","ping_status":"closed","template":"","meta":{"pagelayer_contact_templates":[],"_pagelayer_content":"","advgb_blocks_editor_width":"","advgb_blocks_columns_visual_guide":"","footnotes":""},"class_list":["post-299","page","type-page","status-publish","hentry"],"coauthors":[],"author_meta":{"author_link":"https:\/\/dti-mechatronics.com\/?author=1","display_name":"dtimecha"},"relative_dates":{"created":"Publicado 1 a\u00f1o hace","modified":"Actualizado 1 a\u00f1o hace"},"absolute_dates":{"created":"Publicado el 4 de marzo de 2025","modified":"Actualizado el 12 de marzo de 2025"},"absolute_dates_time":{"created":"Publicado el 4 de marzo de 2025 9:02 PM","modified":"Actualizado el 12 de marzo de 2025 10:10 PM"},"featured_img_caption":"","featured_img":false,"series_order":"","_links":{"self":[{"href":"https:\/\/dti-mechatronics.com\/index.php?rest_route=\/wp\/v2\/pages\/299","targetHints":{"allow":["GET"]}}],"collection":[{"href":"https:\/\/dti-mechatronics.com\/index.php?rest_route=\/wp\/v2\/pages"}],"about":[{"href":"https:\/\/dti-mechatronics.com\/index.php?rest_route=\/wp\/v2\/types\/page"}],"author":[{"embeddable":true,"href":"https:\/\/dti-mechatronics.com\/index.php?rest_route=\/wp\/v2\/users\/1"}],"replies":[{"embeddable":true,"href":"https:\/\/dti-mechatronics.com\/index.php?rest_route=%2Fwp%2Fv2%2Fcomments&post=299"}],"version-history":[{"count":4,"href":"https:\/\/dti-mechatronics.com\/index.php?rest_route=\/wp\/v2\/pages\/299\/revisions"}],"predecessor-version":[{"id":347,"href":"https:\/\/dti-mechatronics.com\/index.php?rest_route=\/wp\/v2\/pages\/299\/revisions\/347"}],"wp:attachment":[{"href":"https:\/\/dti-mechatronics.com\/index.php?rest_route=%2Fwp%2Fv2%2Fmedia&parent=299"}],"curies":[{"name":"wp","href":"https:\/\/api.w.org\/{rel}","templated":true}]}}