{"id":356,"date":"2025-11-10T20:55:32","date_gmt":"2025-11-11T02:55:32","guid":{"rendered":"https:\/\/dti-mechatronics.com\/?page_id=356"},"modified":"2025-11-21T23:10:06","modified_gmt":"2025-11-22T05:10:06","slug":"chen-hsong","status":"publish","type":"page","link":"https:\/\/dti-mechatronics.com\/?page_id=356","title":{"rendered":"CHEN HSONG"},"content":{"rendered":"\n\n\n<div class=\"wp-block-getwid-section alignfull alignfull getwid-anim fadeInDownShort getwid-section-content-custom-width\" data-wow-duration=\"1500ms\" data-wow-delay=\"200ms\"><div class=\"wp-block-getwid-section__wrapper getwid-padding-top-large getwid-padding-bottom-large getwid-padding-left-medium getwid-padding-right-medium\"><div class=\"wp-block-getwid-section__inner-wrapper\" style=\"max-width:1140px\"><div class=\"wp-block-getwid-section__background-holder\"><div class=\"wp-block-getwid-section__background\" style=\"background-image:url('https:\/\/cgw.motopress.com\/wp-content\/uploads\/2019\/11\/background-1.jpg')\"><div class=\"wp-block-getwid-section__background-image-wrapper\"><img decoding=\"async\" class=\"wp-block-getwid-section__background-image\" src=\"https:\/\/cgw.motopress.com\/wp-content\/uploads\/2019\/11\/background-1.jpg\" alt=\"\"\/><\/div><\/div><div class=\"wp-block-getwid-section__foreground\"><\/div><\/div><div class=\"wp-block-getwid-section__content\"><div class=\"wp-block-getwid-section__inner-content\">\n<div class=\"wp-block-columns has-2-columns are-vertically-aligned-center is-layout-flex wp-container-core-columns-is-layout-9d6595d7 wp-block-columns-is-layout-flex\">\n<div class=\"wp-block-column is-vertically-aligned-center is-layout-flow wp-block-column-is-layout-flow\">\n<figure class=\"wp-block-gallery has-nested-images columns-default is-cropped wp-block-gallery-1 is-layout-flex wp-block-gallery-is-layout-flex\"><\/figure>\n<\/div>\n\n\n\n<div class=\"wp-block-column is-vertically-aligned-center is-layout-flow wp-block-column-is-layout-flow\">\n<div class=\"wp-block-getwid-section\"><div class=\"wp-block-getwid-section__wrapper getwid-padding-top-none getwid-padding-bottom-none getwid-padding-left-medium getwid-padding-right-none getwid-padding-mobile-left-none\"><div class=\"wp-block-getwid-section__inner-wrapper\"><div class=\"wp-block-getwid-section__background-holder\"><div class=\"wp-block-getwid-section__background\"><\/div><div class=\"wp-block-getwid-section__foreground\"><\/div><\/div><div class=\"wp-block-getwid-section__content\"><div class=\"wp-block-getwid-section__inner-content\">\n<div class=\"wp-block-getwid-advanced-heading\" style=\"margin-bottom:0px;margin-top:0px\"><span class=\"wp-block-getwid-advanced-heading__content\"><strong><em>Entra a la nueva era de la tecnolog\u00eda de servo control<\/em><\/strong><\/span><\/div>\n\n\n\n<div class=\"wp-block-getwid-advanced-heading\" style=\"margin-bottom:30px;margin-top:10px\"><h2 class=\"wp-block-getwid-advanced-heading__content\">CHEN HSONG<\/h2><\/div>\n\n\n\n\n\n<p><strong>El tipo de inyectoras accionadas por servo-hidr\u00e1ulica, hibridas o totalmente el\u00e9ctricas con capacidades desde 88 hasta 6500 toneladas de fuerza de cierre<\/strong>.<\/p>\n\n\n\n<div class=\"wp-block-getwid-advanced-spacer\" style=\"height:10px\" aria-hidden=\"true\"><\/div>\n<\/div><\/div><\/div><\/div><\/div>\n<\/div>\n<\/div>\n<\/div><\/div><\/div><\/div><\/div>\n\n\n\n<div class=\"wp-block-getwid-section alignfull alignfull getwid-anim fadeInDownShort getwid-margin-top-none getwid-margin-bottom-none getwid-section-content-custom-width\" data-wow-duration=\"1500ms\" data-wow-delay=\"200ms\"><div class=\"wp-block-getwid-section__wrapper getwid-padding-top-large getwid-padding-bottom-large getwid-padding-left-medium getwid-padding-right-medium\"><div class=\"wp-block-getwid-section__inner-wrapper\" style=\"max-width:1140px\"><div class=\"wp-block-getwid-section__background-holder\"><div class=\"wp-block-getwid-section__background has-background has-white-background-color\" style=\"background-image:url('https:\/\/cgw.motopress.com\/wp-content\/uploads\/2019\/11\/background-1.jpg')\"><div class=\"wp-block-getwid-section__background-image-wrapper\"><img decoding=\"async\" class=\"wp-block-getwid-section__background-image\" src=\"https:\/\/cgw.motopress.com\/wp-content\/uploads\/2019\/11\/background-1.jpg\" alt=\"\"\/><\/div><\/div><div class=\"wp-block-getwid-section__foreground\"><\/div><\/div><div class=\"wp-block-getwid-section__content\"><div class=\"wp-block-getwid-section__inner-content\">\n<div class=\"wp-block-columns has-2-columns are-vertically-aligned-center is-layout-flex wp-container-core-columns-is-layout-9d6595d7 wp-block-columns-is-layout-flex\">\n<div class=\"wp-block-column is-vertically-aligned-center is-layout-flow wp-block-column-is-layout-flow\">\n<figure class=\"wp-block-gallery has-nested-images columns-default is-cropped wp-block-gallery-2 is-layout-flex wp-block-gallery-is-layout-flex\"><\/figure>\n<\/div>\n<\/div>\n<\/div><\/div><\/div><\/div><\/div>\n\n\n\n<div class=\"wp-block-getwid-section alignfull alignfull getwid-anim fadeInRight getwid-margin-top-none getwid-margin-bottom-none getwid-section-content-custom-width\" data-wow-duration=\"1500ms\" data-wow-delay=\"200ms\"><div class=\"wp-block-getwid-section__wrapper getwid-padding-top-large getwid-padding-bottom-large getwid-padding-left-medium getwid-padding-right-medium\"><div class=\"wp-block-getwid-section__inner-wrapper\" style=\"max-width:1140px\"><div class=\"wp-block-getwid-section__background-holder\"><div class=\"wp-block-getwid-section__background\" style=\"background-image:url('https:\/\/cgw.motopress.com\/wp-content\/uploads\/2019\/11\/background-1.jpg')\"><div class=\"wp-block-getwid-section__background-image-wrapper\"><img decoding=\"async\" class=\"wp-block-getwid-section__background-image\" src=\"https:\/\/cgw.motopress.com\/wp-content\/uploads\/2019\/11\/background-1.jpg\" alt=\"\"\/><\/div><\/div><div class=\"wp-block-getwid-section__foreground\"><\/div><\/div><div class=\"wp-block-getwid-section__content\"><div class=\"wp-block-getwid-section__inner-content\">\n<div class=\"wp-block-columns has-2-columns are-vertically-aligned-center is-layout-flex wp-container-core-columns-is-layout-9d6595d7 wp-block-columns-is-layout-flex\">\n<div class=\"wp-block-column is-vertically-aligned-center is-layout-flow wp-block-column-is-layout-flow\">\n<div class=\"wp-block-getwid-section green-message\"><div class=\"wp-block-getwid-section__wrapper getwid-padding-top-none getwid-padding-bottom-none getwid-padding-left-medium getwid-padding-right-none getwid-padding-mobile-left-none\"><div class=\"wp-block-getwid-section__inner-wrapper\"><div class=\"wp-block-getwid-section__background-holder\"><div class=\"wp-block-getwid-section__background\"><\/div><div class=\"wp-block-getwid-section__foreground\"><\/div><\/div><div class=\"wp-block-getwid-section__content\"><div class=\"wp-block-getwid-section__inner-content\">\n<div class=\"wp-block-getwid-advanced-heading\" style=\"margin-bottom:0px;margin-top:0px\"><span class=\"wp-block-getwid-advanced-heading__content\"><strong><em><strong>\u00a1Con la mejor atenci\u00f3n personalizada postventa<\/strong><\/em><\/strong>!<\/span><\/div>\n\n\n\n<div class=\"wp-block-getwid-advanced-heading\" style=\"margin-bottom:30px;margin-top:10px\"><h2 class=\"wp-block-getwid-advanced-heading__content\"><strong><mark style=\"background-color:rgba(0, 0, 0, 0)\" class=\"has-inline-color has-luminous-vivid-amber-color\">Un servicio t\u00e9cnico integral y un stock de refacciones para entrega inmediata.<\/mark><\/strong><\/h2><\/div>\n\n\n\n<p class=\"has-text-align-left\"><strong><strong>Construidas con la mejor tecnolog\u00eda y dise\u00f1o simplificado que te permite ahorrar en electricidad, aceite, refacciones, mantenimiento y tiempo de paro.<\/strong><\/strong><\/p>\n\n\n\n<div class=\"wp-block-getwid-advanced-spacer\" style=\"height:10px\" aria-hidden=\"true\"><\/div>\n<\/div><\/div><\/div><\/div><\/div>\n<\/div>\n<\/div>\n<\/div><\/div><\/div><\/div><\/div>\n\n\n\n<div class=\"wp-block-getwid-section alignfull alignfull has-inner-blocks-gap-none getwid-anim fadeInRight getwid-margin-top-none getwid-margin-bottom-none getwid-section-content-full-width\" data-wow-duration=\"1500ms\" data-wow-delay=\"200ms\"><div class=\"wp-block-getwid-section__wrapper getwid-padding-top-large getwid-padding-bottom-large getwid-padding-left-medium getwid-padding-right-medium getwid-align-items-flex-start\"><div class=\"wp-block-getwid-section__inner-wrapper\"><div class=\"wp-block-getwid-section__background-holder\"><div class=\"wp-block-getwid-section__background\" style=\"background-image:url('https:\/\/cgw.motopress.com\/wp-content\/uploads\/2019\/11\/background-1.jpg')\"><div class=\"wp-block-getwid-section__background-image-wrapper\"><img decoding=\"async\" class=\"wp-block-getwid-section__background-image\" src=\"https:\/\/cgw.motopress.com\/wp-content\/uploads\/2019\/11\/background-1.jpg\" alt=\"\"\/><\/div><\/div><div class=\"wp-block-getwid-section__foreground\"><\/div><\/div><div class=\"wp-block-getwid-section__content\"><div class=\"wp-block-getwid-section__inner-content\">\n<div class=\"wp-block-columns has-2-columns are-vertically-aligned-center is-layout-flex wp-container-core-columns-is-layout-9d6595d7 wp-block-columns-is-layout-flex\">\n<div class=\"wp-block-column is-vertically-aligned-center is-layout-flow wp-block-column-is-layout-flow\">\n<div class=\"wp-block-getwid-section blue-message getwid-anim fadeInDownBig\" data-wow-duration=\"1500ms\" data-wow-delay=\"200ms\"><div class=\"wp-block-getwid-section__wrapper getwid-padding-top-none getwid-padding-bottom-none getwid-padding-left-medium getwid-padding-right-none getwid-padding-mobile-left-none\"><div class=\"wp-block-getwid-section__inner-wrapper\"><div class=\"wp-block-getwid-section__background-holder\"><div class=\"wp-block-getwid-section__background\"><\/div><div class=\"wp-block-getwid-section__foreground\"><\/div><\/div><div class=\"wp-block-getwid-section__content\"><div class=\"wp-block-getwid-section__inner-content\">\n<div class=\"wp-block-getwid-advanced-heading\" style=\"margin-bottom:0px;margin-top:0px\"><span class=\"wp-block-getwid-advanced-heading__content\"><strong><em><strong>\u00a1<strong><em>Comprueba el ahorro de energ\u00eda de hasta un 60%<\/em><\/strong><\/strong><\/em><\/strong>!<\/span><\/div>\n\n\n\n<div class=\"wp-block-getwid-advanced-heading\" style=\"margin-bottom:30px;margin-top:10px\"><h2 class=\"wp-block-getwid-advanced-heading__content\"><strong><strong><em><mark style=\"background-color:rgba(0, 0, 0, 0)\" class=\"has-inline-color has-white-color\">Realiza los mismos procesos de inyecci\u00f3n de una forma m\u00e1s eficiente en un entorno m\u00e1s limpio.<\/mark><\/em><\/strong><\/strong><\/h2><\/div>\n\n\n\n<p class=\"has-text-align-left\"><strong><em>Olv\u00eddate de bombas hidr\u00e1ulicas car\u00edsimas que trabajan el 100% de tu producci\u00f3n.<\/em><\/strong><\/p>\n\n\n\n<p class=\"has-text-align-left\"><strong><em>Comprueba el ahorro considerable en energ\u00eda el\u00e9ctrica y aceite hidr\u00e1ulico.<\/em><\/strong><\/p>\n\n\n\n<div class=\"wp-block-getwid-advanced-spacer\" style=\"height:10px\" aria-hidden=\"true\"><\/div>\n<\/div><\/div><\/div><\/div><\/div>\n<\/div>\n<\/div>\n<\/div><\/div><\/div><\/div><\/div>\n\n\n\n<p class=\"has-text-align-center advgb-dyn-c8608ab2\" style=\"font-size:24px\"><em><strong><mark style=\"background-color:rgba(0, 0, 0, 0)\" class=\"has-inline-color has-vivid-cyan-blue-color\">Tenemos una maquina especializada para cada aplicaci\u00f3n.<\/mark><\/strong><\/em><\/p>\n\n\n<div class=\"wp-block-image\">\n<figure class=\"aligncenter size-full orange-message\"><img loading=\"lazy\" decoding=\"async\" width=\"550\" height=\"210\" src=\"https:\/\/dti-mechatronics.com\/wp-content\/uploads\/2025\/11\/Maquina-Chen-Hsong-3.png\" alt=\"\" class=\"wp-image-365\" srcset=\"https:\/\/dti-mechatronics.com\/wp-content\/uploads\/2025\/11\/Maquina-Chen-Hsong-3.png 550w, https:\/\/dti-mechatronics.com\/wp-content\/uploads\/2025\/11\/Maquina-Chen-Hsong-3-300x115.png 300w, https:\/\/dti-mechatronics.com\/wp-content\/uploads\/2025\/11\/Maquina-Chen-Hsong-3-500x191.png 500w\" sizes=\"auto, (max-width: 550px) 100vw, 550px\" \/><\/figure>\n<\/div>\n\n<div class=\"wp-block-image\">\n<figure class=\"aligncenter size-full orange-message\"><img loading=\"lazy\" decoding=\"async\" width=\"550\" height=\"210\" src=\"https:\/\/dti-mechatronics.com\/wp-content\/uploads\/2025\/11\/Maquina-Chen-Hsong-4.png\" alt=\"\" class=\"wp-image-366\" srcset=\"https:\/\/dti-mechatronics.com\/wp-content\/uploads\/2025\/11\/Maquina-Chen-Hsong-4.png 550w, https:\/\/dti-mechatronics.com\/wp-content\/uploads\/2025\/11\/Maquina-Chen-Hsong-4-300x115.png 300w, https:\/\/dti-mechatronics.com\/wp-content\/uploads\/2025\/11\/Maquina-Chen-Hsong-4-500x191.png 500w\" sizes=\"auto, (max-width: 550px) 100vw, 550px\" \/><\/figure>\n<\/div>\n\n<div class=\"wp-block-image\">\n<figure class=\"aligncenter size-full orange-message\"><img loading=\"lazy\" decoding=\"async\" width=\"311\" height=\"210\" src=\"https:\/\/dti-mechatronics.com\/wp-content\/uploads\/2025\/11\/Maquinas-produccion.png\" alt=\"\" class=\"wp-image-367\" srcset=\"https:\/\/dti-mechatronics.com\/wp-content\/uploads\/2025\/11\/Maquinas-produccion.png 311w, https:\/\/dti-mechatronics.com\/wp-content\/uploads\/2025\/11\/Maquinas-produccion-300x203.png 300w\" sizes=\"auto, (max-width: 311px) 100vw, 311px\" \/><\/figure>\n<\/div>\n\n\n\n\n\n\n\n\n\n\n\n\n\n\n\n","protected":false},"excerpt":{"rendered":"<p>Tenemos una maquina especializada para cada aplicaci\u00f3n.<\/p>\n","protected":false},"author":1,"featured_media":0,"parent":0,"menu_order":0,"comment_status":"closed","ping_status":"closed","template":"","meta":{"pagelayer_contact_templates":[],"_pagelayer_content":"","advgb_blocks_editor_width":"","advgb_blocks_columns_visual_guide":"","footnotes":""},"class_list":["post-356","page","type-page","status-publish","hentry"],"coauthors":[],"author_meta":{"author_link":"https:\/\/dti-mechatronics.com\/?author=1","display_name":"dtimecha"},"relative_dates":{"created":"Publicado 5 meses hace","modified":"Actualizado 5 meses hace"},"absolute_dates":{"created":"Publicado el 10 de noviembre de 2025","modified":"Actualizado el 21 de noviembre de 2025"},"absolute_dates_time":{"created":"Publicado el 10 de noviembre de 2025 8:55 PM","modified":"Actualizado el 21 de noviembre de 2025 11:10 PM"},"featured_img_caption":"","featured_img":false,"series_order":"","_links":{"self":[{"href":"https:\/\/dti-mechatronics.com\/index.php?rest_route=\/wp\/v2\/pages\/356","targetHints":{"allow":["GET"]}}],"collection":[{"href":"https:\/\/dti-mechatronics.com\/index.php?rest_route=\/wp\/v2\/pages"}],"about":[{"href":"https:\/\/dti-mechatronics.com\/index.php?rest_route=\/wp\/v2\/types\/page"}],"author":[{"embeddable":true,"href":"https:\/\/dti-mechatronics.com\/index.php?rest_route=\/wp\/v2\/users\/1"}],"replies":[{"embeddable":true,"href":"https:\/\/dti-mechatronics.com\/index.php?rest_route=%2Fwp%2Fv2%2Fcomments&post=356"}],"version-history":[{"count":13,"href":"https:\/\/dti-mechatronics.com\/index.php?rest_route=\/wp\/v2\/pages\/356\/revisions"}],"predecessor-version":[{"id":426,"href":"https:\/\/dti-mechatronics.com\/index.php?rest_route=\/wp\/v2\/pages\/356\/revisions\/426"}],"wp:attachment":[{"href":"https:\/\/dti-mechatronics.com\/index.php?rest_route=%2Fwp%2Fv2%2Fmedia&parent=356"}],"curies":[{"name":"wp","href":"https:\/\/api.w.org\/{rel}","templated":true}]}}